{"id":775,"date":"2025-04-07T13:24:36","date_gmt":"2025-04-07T13:24:36","guid":{"rendered":"https:\/\/food-zyme.com\/?page_id=775"},"modified":"2025-04-15T20:39:42","modified_gmt":"2025-04-15T20:39:42","slug":"contactanos","status":"publish","type":"page","link":"https:\/\/food-zyme.com\/en\/contactanos\/","title":{"rendered":"Cont\u00e1ctanos"},"content":{"rendered":"<div data-elementor-type=\"wp-page\" data-elementor-id=\"775\" class=\"elementor elementor-775\" data-elementor-post-type=\"page\">\n\t\t\t\t<div class=\"elementor-element elementor-element-226e82a9 e-flex e-con-boxed e-con e-parent\" data-id=\"226e82a9\" data-element_type=\"container\">\n\t\t\t\t\t<div class=\"e-con-inner\">\n\t\t<div class=\"elementor-element elementor-element-5e59d7ec e-con-full e-flex e-con e-child\" data-id=\"5e59d7ec\" data-element_type=\"container\">\n\t\t<div class=\"elementor-element elementor-element-635239bb e-con-full e-flex e-con e-child\" data-id=\"635239bb\" data-element_type=\"container\">\n\t\t\t\t<div class=\"elementor-element elementor-element-12ed00b0 elementor-widget elementor-widget-heading\" data-id=\"12ed00b0\" data-element_type=\"widget\" data-widget_type=\"heading.default\">\n\t\t\t\t<div class=\"elementor-widget-container\">\n\t\t\t\t\t<h6 class=\"elementor-heading-title elementor-size-default\">Comunicate ya con nosotros!<\/h6>\t\t\t\t<\/div>\n\t\t\t\t<\/div>\n\t\t\t\t<div class=\"elementor-element elementor-element-616252e8 elementor-invisible elementor-widget elementor-widget-heading\" data-id=\"616252e8\" data-element_type=\"widget\" data-settings=\"{&quot;_animation&quot;:&quot;fadeInUp&quot;}\" data-widget_type=\"heading.default\">\n\t\t\t\t<div class=\"elementor-widget-container\">\n\t\t\t\t\t<h2 class=\"elementor-heading-title elementor-size-default\">\u00bfListo para optimizar tu producci\u00f3n con soluciones enzim\u00e1ticas personalizadas?<\/h2>\t\t\t\t<\/div>\n\t\t\t\t<\/div>\n\t\t\t\t<div class=\"elementor-element elementor-element-112a7111 elementor-widget elementor-widget-text-editor\" data-id=\"112a7111\" data-element_type=\"widget\" data-widget_type=\"text-editor.default\">\n\t\t\t\t<div class=\"elementor-widget-container\">\n\t\t\t\t\t\t\t\t\t<p class=\"\" data-start=\"296\" data-end=\"485\">En <strong data-start=\"299\" data-end=\"311\">Foodzyme<\/strong> estamos aqu\u00ed para ayudarte a transformar tus procesos productivos, mejorar la calidad de tus productos y avanzar hacia una industria alimentaria m\u00e1s eficiente y sustentable.<\/p><p class=\"\" data-start=\"487\" data-end=\"667\">Ya sea que necesites soporte t\u00e9cnico, una evaluaci\u00f3n de tu proceso actual o est\u00e9s interesado en conocer nuestras soluciones tailor-made, nuestro equipo est\u00e1 listo para acompa\u00f1arte.<\/p>\t\t\t\t\t\t\t\t<\/div>\n\t\t\t\t<\/div>\n\t\t<div class=\"elementor-element elementor-element-2f777fe4 e-grid e-con-full e-con e-child\" data-id=\"2f777fe4\" data-element_type=\"container\">\n\t\t\t\t<div class=\"elementor-element elementor-element-43b9f2a6 elementor-view-stacked elementor-position-left elementor-vertical-align-middle elementor-mobile-position-left elementor-shape-circle elementor-widget elementor-widget-icon-box\" data-id=\"43b9f2a6\" data-element_type=\"widget\" data-widget_type=\"icon-box.default\">\n\t\t\t\t<div class=\"elementor-widget-container\">\n\t\t\t\t\t\t\t<div class=\"elementor-icon-box-wrapper\">\n\n\t\t\t\t\t\t<div class=\"elementor-icon-box-icon\">\n\t\t\t\t<span  class=\"elementor-icon\">\n\t\t\t\t<i aria-hidden=\"true\" class=\"icon icon-email\"><\/i>\t\t\t\t<\/span>\n\t\t\t<\/div>\n\t\t\t\n\t\t\t\t\t\t<div class=\"elementor-icon-box-content\">\n\n\t\t\t\t\t\t\t\t\t<div class=\"elementor-icon-box-title\">\n\t\t\t\t\t\t<span  >\n\t\t\t\t\t\t\tEmail\t\t\t\t\t\t<\/span>\n\t\t\t\t\t<\/div>\n\t\t\t\t\n\t\t\t\t\t\t\t\t\t<p class=\"elementor-icon-box-description\">\n\t\t\t\t\t\tcontacto@foodzyme.com\t\t\t\t\t<\/p>\n\t\t\t\t\n\t\t\t<\/div>\n\t\t\t\n\t\t<\/div>\n\t\t\t\t\t\t<\/div>\n\t\t\t\t<\/div>\n\t\t\t\t<div class=\"elementor-element elementor-element-196f00eb elementor-view-stacked elementor-position-left elementor-vertical-align-middle elementor-mobile-position-left elementor-shape-circle elementor-widget elementor-widget-icon-box\" data-id=\"196f00eb\" data-element_type=\"widget\" data-widget_type=\"icon-box.default\">\n\t\t\t\t<div class=\"elementor-widget-container\">\n\t\t\t\t\t\t\t<div class=\"elementor-icon-box-wrapper\">\n\n\t\t\t\t\t\t<div class=\"elementor-icon-box-icon\">\n\t\t\t\t<span  class=\"elementor-icon\">\n\t\t\t\t<i aria-hidden=\"true\" class=\"icon icon-phone1\"><\/i>\t\t\t\t<\/span>\n\t\t\t<\/div>\n\t\t\t\n\t\t\t\t\t\t<div class=\"elementor-icon-box-content\">\n\n\t\t\t\t\t\t\t\t\t<div class=\"elementor-icon-box-title\">\n\t\t\t\t\t\t<span  >\n\t\t\t\t\t\t\tTel\u00e9fono\t\t\t\t\t\t<\/span>\n\t\t\t\t\t<\/div>\n\t\t\t\t\n\t\t\t\t\t\t\t\t\t<p class=\"elementor-icon-box-description\">\n\t\t\t\t\t\t+569 - 79667279\t\t\t\t\t<\/p>\n\t\t\t\t\n\t\t\t<\/div>\n\t\t\t\n\t\t<\/div>\n\t\t\t\t\t\t<\/div>\n\t\t\t\t<\/div>\n\t\t\t\t<div class=\"elementor-element elementor-element-333db4b9 elementor-view-stacked elementor-position-left elementor-vertical-align-middle elementor-mobile-position-left elementor-shape-circle elementor-widget elementor-widget-icon-box\" data-id=\"333db4b9\" data-element_type=\"widget\" data-widget_type=\"icon-box.default\">\n\t\t\t\t<div class=\"elementor-widget-container\">\n\t\t\t\t\t\t\t<div class=\"elementor-icon-box-wrapper\">\n\n\t\t\t\t\t\t<div class=\"elementor-icon-box-icon\">\n\t\t\t\t<span  class=\"elementor-icon\">\n\t\t\t\t<i aria-hidden=\"true\" class=\"icon icon-map-marker1\"><\/i>\t\t\t\t<\/span>\n\t\t\t<\/div>\n\t\t\t\n\t\t\t\t\t\t<div class=\"elementor-icon-box-content\">\n\n\t\t\t\t\t\t\t\t\t<div class=\"elementor-icon-box-title\">\n\t\t\t\t\t\t<span  >\n\t\t\t\t\t\t\tDirecci\u00f3n\t\t\t\t\t\t<\/span>\n\t\t\t\t\t<\/div>\n\t\t\t\t\n\t\t\t\t\t\t\t\t\t<p class=\"elementor-icon-box-description\">\n\t\t\t\t\t\tEstoril 200 of 935, Las Condes\t\t\t\t\t<\/p>\n\t\t\t\t\n\t\t\t<\/div>\n\t\t\t\n\t\t<\/div>\n\t\t\t\t\t\t<\/div>\n\t\t\t\t<\/div>\n\t\t\t\t<\/div>\n\t\t\t\t<\/div>\n\t\t<div class=\"elementor-element elementor-element-3097aa7b e-con-full animated-slow e-flex elementor-invisible e-con e-child\" data-id=\"3097aa7b\" data-element_type=\"container\" data-settings=\"{&quot;background_background&quot;:&quot;classic&quot;,&quot;animation&quot;:&quot;fadeInRight&quot;}\">\n\t\t\t\t<div class=\"elementor-element elementor-element-684b3e3 elementor-button-align-stretch elementor-widget elementor-widget-form\" data-id=\"684b3e3\" data-element_type=\"widget\" data-settings=\"{&quot;step_next_label&quot;:&quot;Next&quot;,&quot;step_previous_label&quot;:&quot;Previous&quot;,&quot;button_width&quot;:&quot;100&quot;,&quot;step_type&quot;:&quot;number_text&quot;,&quot;step_icon_shape&quot;:&quot;circle&quot;}\" data-widget_type=\"form.default\">\n\t\t\t\t<div class=\"elementor-widget-container\">\n\t\t\t\t\t\t\t<form class=\"elementor-form\" method=\"post\" name=\"New Form\" aria-label=\"New Form\" action=\"\">\n\t\t\t<input type=\"hidden\" name=\"post_id\" value=\"775\"\/>\n\t\t\t<input type=\"hidden\" name=\"form_id\" value=\"684b3e3\"\/>\n\t\t\t<input type=\"hidden\" name=\"referer_title\" value=\"FoodZyme\" \/>\n\n\t\t\t\n\t\t\t<div class=\"elementor-form-fields-wrapper elementor-labels-above\">\n\t\t\t\t\t\t\t\t<div class=\"elementor-field-type-text elementor-field-group elementor-column elementor-field-group-name elementor-col-100\">\n\t\t\t\t\t\t\t\t\t\t\t\t<label for=\"form-field-name\" class=\"elementor-field-label\">\n\t\t\t\t\t\t\t\tNombre\t\t\t\t\t\t\t<\/label>\n\t\t\t\t\t\t\t\t\t\t\t\t\t\t<input size=\"1\" type=\"text\" name=\"form_fields[name]\" id=\"form-field-name\" class=\"elementor-field elementor-size-sm  elementor-field-textual\" placeholder=\"Nombre\">\n\t\t\t\t\t\t\t\t\t\t\t<\/div>\n\t\t\t\t\t\t\t\t<div class=\"elementor-field-type-email elementor-field-group elementor-column elementor-field-group-email elementor-col-100 elementor-field-required\">\n\t\t\t\t\t\t\t\t\t\t\t\t<label for=\"form-field-email\" class=\"elementor-field-label\">\n\t\t\t\t\t\t\t\tEmail\t\t\t\t\t\t\t<\/label>\n\t\t\t\t\t\t\t\t\t\t\t\t\t\t<input size=\"1\" type=\"email\" name=\"form_fields[email]\" id=\"form-field-email\" class=\"elementor-field elementor-size-sm  elementor-field-textual\" placeholder=\"Email\" required=\"required\">\n\t\t\t\t\t\t\t\t\t\t\t<\/div>\n\t\t\t\t\t\t\t\t<div class=\"elementor-field-type-text elementor-field-group elementor-column elementor-field-group-field_520925b elementor-col-100\">\n\t\t\t\t\t\t\t\t\t\t\t\t<label for=\"form-field-field_520925b\" class=\"elementor-field-label\">\n\t\t\t\t\t\t\t\tEmpresa\t\t\t\t\t\t\t<\/label>\n\t\t\t\t\t\t\t\t\t\t\t\t\t\t<input size=\"1\" type=\"text\" name=\"form_fields[field_520925b]\" id=\"form-field-field_520925b\" class=\"elementor-field elementor-size-sm  elementor-field-textual\" placeholder=\"Empresa\">\n\t\t\t\t\t\t\t\t\t\t\t<\/div>\n\t\t\t\t\t\t\t\t<div class=\"elementor-field-type-tel elementor-field-group elementor-column elementor-field-group-message elementor-col-100\">\n\t\t\t\t\t\t\t\t\t\t\t\t<label for=\"form-field-message\" class=\"elementor-field-label\">\n\t\t\t\t\t\t\t\tTel\u00e9fono\t\t\t\t\t\t\t<\/label>\n\t\t\t\t\t\t\t\t<input size=\"1\" type=\"tel\" name=\"form_fields[message]\" id=\"form-field-message\" class=\"elementor-field elementor-size-sm  elementor-field-textual\" placeholder=\"Tel\u00e9fono\" pattern=\"[0-9()#&amp;+*-=.]+\" title=\"Only numbers and phone characters (#, -, *, etc) are accepted.\">\n\n\t\t\t\t\t\t<\/div>\n\t\t\t\t\t\t\t\t<div class=\"elementor-field-type-textarea elementor-field-group elementor-column elementor-field-group-field_fd169c0 elementor-col-100\">\n\t\t\t\t\t\t\t\t\t\t\t\t<label for=\"form-field-field_fd169c0\" class=\"elementor-field-label\">\n\t\t\t\t\t\t\t\tMensaje:\t\t\t\t\t\t\t<\/label>\n\t\t\t\t\t\t<textarea class=\"elementor-field-textual elementor-field  elementor-size-sm\" name=\"form_fields[field_fd169c0]\" id=\"form-field-field_fd169c0\" rows=\"4\" placeholder=\"Cu\u00e9ntanos, en que te podemos apoyar . . \"><\/textarea>\t\t\t\t<\/div>\n\t\t\t\t\t\t\t\t<div class=\"elementor-field-group elementor-column elementor-field-type-submit elementor-col-100 e-form__buttons\">\n\t\t\t\t\t<button class=\"elementor-button elementor-size-sm\" type=\"submit\">\n\t\t\t\t\t\t<span class=\"elementor-button-content-wrapper\">\n\t\t\t\t\t\t\t\t\t\t\t\t\t\t\t\t\t\t\t\t\t\t<span class=\"elementor-button-text\">Enviar<\/span>\n\t\t\t\t\t\t\t\t\t\t\t\t\t<\/span>\n\t\t\t\t\t<\/button>\n\t\t\t\t<\/div>\n\t\t\t<\/div>\n\t\t<input type=\"hidden\" name=\"trp-form-language\" value=\"en\"\/><\/form>\n\t\t\t\t\t\t<\/div>\n\t\t\t\t<\/div>\n\t\t\t\t<\/div>\n\t\t\t\t<\/div>\n\t\t\t\t\t<\/div>\n\t\t\t\t<\/div>\n\t\t<div class=\"elementor-element elementor-element-1aaa6c59 e-flex e-con-boxed e-con e-parent\" data-id=\"1aaa6c59\" data-element_type=\"container\">\n\t\t\t\t\t<div class=\"e-con-inner\">\n\t\t\t\t<div class=\"elementor-element elementor-element-3d3bfa71 elementor-invisible elementor-widget elementor-widget-google_maps\" data-id=\"3d3bfa71\" data-element_type=\"widget\" data-settings=\"{&quot;_animation&quot;:&quot;fadeIn&quot;}\" data-widget_type=\"google_maps.default\">\n\t\t\t\t<div class=\"elementor-widget-container\">\n\t\t\t\t\t\t\t<div class=\"elementor-custom-embed\">\n\t\t\t<iframe loading=\"lazy\"\n\t\t\t\t\tsrc=\"https:\/\/maps.google.com\/maps?q=Estoril%20200%20of%20935%2C%20Las%20Condes&#038;t=m&#038;z=14&#038;output=embed&#038;iwloc=near\"\n\t\t\t\t\ttitle=\"Estoril 200 of 935, Las Condes\"\n\t\t\t\t\taria-label=\"Estoril 200 of 935, Las Condes\"\n\t\t\t><\/iframe>\n\t\t<\/div>\n\t\t\t\t\t\t<\/div>\n\t\t\t\t<\/div>\n\t\t\t\t\t<\/div>\n\t\t\t\t<\/div>\n\t\t<div class=\"elementor-element elementor-element-936706f e-flex e-con-boxed e-con e-parent\" data-id=\"936706f\" data-element_type=\"container\">\n\t\t\t\t\t<div class=\"e-con-inner\">\n\t\t\t\t\t<\/div>\n\t\t\t\t<\/div>\n\t\t\t\t<\/div>","protected":false},"excerpt":{"rendered":"<p>Comunicate ya con nosotros! \u00bfListo para optimizar tu producci\u00f3n con soluciones enzim\u00e1ticas personalizadas? En Foodzyme estamos aqu\u00ed para ayudarte a transformar tus procesos productivos, mejorar la calidad de tus productos y avanzar hacia una industria alimentaria m\u00e1s eficiente y sustentable. Ya sea que necesites soporte t\u00e9cnico, una evaluaci\u00f3n de tu proceso actual o est\u00e9s interesado [&hellip;]<\/p>","protected":false},"author":1,"featured_media":0,"parent":0,"menu_order":0,"comment_status":"closed","ping_status":"closed","template":"","meta":{"footnotes":""},"class_list":["post-775","page","type-page","status-publish","hentry"],"yoast_head":"<!-- This site is optimized with the Yoast SEO plugin v25.5 - https:\/\/yoast.com\/wordpress\/plugins\/seo\/ -->\n<title>Cont\u00e1ctanos - FoodZyme<\/title>\n<meta name=\"robots\" content=\"index, follow, max-snippet:-1, max-image-preview:large, max-video-preview:-1\" \/>\n<link rel=\"canonical\" href=\"https:\/\/food-zyme.com\/en\/contactanos\/\" \/>\n<meta property=\"og:locale\" content=\"en_US\" \/>\n<meta property=\"og:type\" content=\"article\" \/>\n<meta property=\"og:title\" content=\"Cont\u00e1ctanos - FoodZyme\" \/>\n<meta property=\"og:description\" content=\"Comunicate ya con nosotros! \u00bfListo para optimizar tu producci\u00f3n con soluciones enzim\u00e1ticas personalizadas? En Foodzyme estamos aqu\u00ed para ayudarte a transformar tus procesos productivos, mejorar la calidad de tus productos y avanzar hacia una industria alimentaria m\u00e1s eficiente y sustentable. Ya sea que necesites soporte t\u00e9cnico, una evaluaci\u00f3n de tu proceso actual o est\u00e9s interesado [&hellip;]\" \/>\n<meta property=\"og:url\" content=\"https:\/\/food-zyme.com\/en\/contactanos\/\" \/>\n<meta property=\"og:site_name\" content=\"FoodZyme\" \/>\n<meta property=\"article:modified_time\" content=\"2025-04-15T20:39:42+00:00\" \/>\n<meta name=\"twitter:card\" content=\"summary_large_image\" \/>\n<script type=\"application\/ld+json\" class=\"yoast-schema-graph\">{\"@context\":\"https:\/\/schema.org\",\"@graph\":[{\"@type\":\"WebPage\",\"@id\":\"https:\/\/food-zyme.com\/contactanos\/\",\"url\":\"https:\/\/food-zyme.com\/contactanos\/\",\"name\":\"Cont\u00e1ctanos - FoodZyme\",\"isPartOf\":{\"@id\":\"https:\/\/food-zyme.com\/#website\"},\"datePublished\":\"2025-04-07T13:24:36+00:00\",\"dateModified\":\"2025-04-15T20:39:42+00:00\",\"breadcrumb\":{\"@id\":\"https:\/\/food-zyme.com\/contactanos\/#breadcrumb\"},\"inLanguage\":\"en-US\",\"potentialAction\":[{\"@type\":\"ReadAction\",\"target\":[\"https:\/\/food-zyme.com\/contactanos\/\"]}]},{\"@type\":\"BreadcrumbList\",\"@id\":\"https:\/\/food-zyme.com\/contactanos\/#breadcrumb\",\"itemListElement\":[{\"@type\":\"ListItem\",\"position\":1,\"name\":\"Portada\",\"item\":\"https:\/\/food-zyme.com\/\"},{\"@type\":\"ListItem\",\"position\":2,\"name\":\"Cont\u00e1ctanos\"}]},{\"@type\":\"WebSite\",\"@id\":\"https:\/\/food-zyme.com\/#website\",\"url\":\"https:\/\/food-zyme.com\/\",\"name\":\"FoodZyme\",\"description\":\"\",\"publisher\":{\"@id\":\"https:\/\/food-zyme.com\/#organization\"},\"potentialAction\":[{\"@type\":\"SearchAction\",\"target\":{\"@type\":\"EntryPoint\",\"urlTemplate\":\"https:\/\/food-zyme.com\/?s={search_term_string}\"},\"query-input\":{\"@type\":\"PropertyValueSpecification\",\"valueRequired\":true,\"valueName\":\"search_term_string\"}}],\"inLanguage\":\"en-US\"},{\"@type\":\"Organization\",\"@id\":\"https:\/\/food-zyme.com\/#organization\",\"name\":\"FoodZyme\",\"url\":\"https:\/\/food-zyme.com\/\",\"logo\":{\"@type\":\"ImageObject\",\"inLanguage\":\"en-US\",\"@id\":\"https:\/\/food-zyme.com\/#\/schema\/logo\/image\/\",\"url\":\"https:\/\/food-zyme.com\/wp-content\/uploads\/2025\/04\/FOODZYME-LOGOR.png\",\"contentUrl\":\"https:\/\/food-zyme.com\/wp-content\/uploads\/2025\/04\/FOODZYME-LOGOR.png\",\"width\":350,\"height\":100,\"caption\":\"FoodZyme\"},\"image\":{\"@id\":\"https:\/\/food-zyme.com\/#\/schema\/logo\/image\/\"}}]}<\/script>\n<!-- \/ Yoast SEO plugin. -->","yoast_head_json":{"title":"Cont\u00e1ctanos - FoodZyme","robots":{"index":"index","follow":"follow","max-snippet":"max-snippet:-1","max-image-preview":"max-image-preview:large","max-video-preview":"max-video-preview:-1"},"canonical":"https:\/\/food-zyme.com\/en\/contactanos\/","og_locale":"en_US","og_type":"article","og_title":"Cont\u00e1ctanos - FoodZyme","og_description":"Comunicate ya con nosotros! \u00bfListo para optimizar tu producci\u00f3n con soluciones enzim\u00e1ticas personalizadas? En Foodzyme estamos aqu\u00ed para ayudarte a transformar tus procesos productivos, mejorar la calidad de tus productos y avanzar hacia una industria alimentaria m\u00e1s eficiente y sustentable. Ya sea que necesites soporte t\u00e9cnico, una evaluaci\u00f3n de tu proceso actual o est\u00e9s interesado [&hellip;]","og_url":"https:\/\/food-zyme.com\/en\/contactanos\/","og_site_name":"FoodZyme","article_modified_time":"2025-04-15T20:39:42+00:00","twitter_card":"summary_large_image","schema":{"@context":"https:\/\/schema.org","@graph":[{"@type":"WebPage","@id":"https:\/\/food-zyme.com\/contactanos\/","url":"https:\/\/food-zyme.com\/contactanos\/","name":"Cont\u00e1ctanos - FoodZyme","isPartOf":{"@id":"https:\/\/food-zyme.com\/#website"},"datePublished":"2025-04-07T13:24:36+00:00","dateModified":"2025-04-15T20:39:42+00:00","breadcrumb":{"@id":"https:\/\/food-zyme.com\/contactanos\/#breadcrumb"},"inLanguage":"en-US","potentialAction":[{"@type":"ReadAction","target":["https:\/\/food-zyme.com\/contactanos\/"]}]},{"@type":"BreadcrumbList","@id":"https:\/\/food-zyme.com\/contactanos\/#breadcrumb","itemListElement":[{"@type":"ListItem","position":1,"name":"Portada","item":"https:\/\/food-zyme.com\/"},{"@type":"ListItem","position":2,"name":"Cont\u00e1ctanos"}]},{"@type":"WebSite","@id":"https:\/\/food-zyme.com\/#website","url":"https:\/\/food-zyme.com\/","name":"FoodZyme","description":"","publisher":{"@id":"https:\/\/food-zyme.com\/#organization"},"potentialAction":[{"@type":"SearchAction","target":{"@type":"EntryPoint","urlTemplate":"https:\/\/food-zyme.com\/?s={search_term_string}"},"query-input":{"@type":"PropertyValueSpecification","valueRequired":true,"valueName":"search_term_string"}}],"inLanguage":"en-US"},{"@type":"Organization","@id":"https:\/\/food-zyme.com\/#organization","name":"FoodZyme","url":"https:\/\/food-zyme.com\/","logo":{"@type":"ImageObject","inLanguage":"en-US","@id":"https:\/\/food-zyme.com\/#\/schema\/logo\/image\/","url":"https:\/\/food-zyme.com\/wp-content\/uploads\/2025\/04\/FOODZYME-LOGOR.png","contentUrl":"https:\/\/food-zyme.com\/wp-content\/uploads\/2025\/04\/FOODZYME-LOGOR.png","width":350,"height":100,"caption":"FoodZyme"},"image":{"@id":"https:\/\/food-zyme.com\/#\/schema\/logo\/image\/"}}]}},"_links":{"self":[{"href":"https:\/\/food-zyme.com\/en\/wp-json\/wp\/v2\/pages\/775","targetHints":{"allow":["GET"]}}],"collection":[{"href":"https:\/\/food-zyme.com\/en\/wp-json\/wp\/v2\/pages"}],"about":[{"href":"https:\/\/food-zyme.com\/en\/wp-json\/wp\/v2\/types\/page"}],"author":[{"embeddable":true,"href":"https:\/\/food-zyme.com\/en\/wp-json\/wp\/v2\/users\/1"}],"replies":[{"embeddable":true,"href":"https:\/\/food-zyme.com\/en\/wp-json\/wp\/v2\/comments?post=775"}],"version-history":[{"count":0,"href":"https:\/\/food-zyme.com\/en\/wp-json\/wp\/v2\/pages\/775\/revisions"}],"wp:attachment":[{"href":"https:\/\/food-zyme.com\/en\/wp-json\/wp\/v2\/media?parent=775"}],"curies":[{"name":"wp","href":"https:\/\/api.w.org\/{rel}","templated":true}]}}