{"id":925,"date":"2025-04-07T16:19:38","date_gmt":"2025-04-07T16:19:38","guid":{"rendered":"https:\/\/food-zyme.com\/?page_id=925"},"modified":"2025-04-15T13:50:21","modified_gmt":"2025-04-15T13:50:21","slug":"tendencia","status":"publish","type":"page","link":"https:\/\/food-zyme.com\/en\/tendencia\/","title":{"rendered":"Tendencia"},"content":{"rendered":"<div data-elementor-type=\"wp-page\" data-elementor-id=\"925\" class=\"elementor elementor-925\" data-elementor-post-type=\"page\">\n\t\t\t\t<div class=\"elementor-element elementor-element-1627013 e-flex e-con-boxed e-con e-parent\" data-id=\"1627013\" data-element_type=\"container\">\n\t\t\t\t\t<div class=\"e-con-inner\">\n\t\t\t\t<div class=\"elementor-element elementor-element-2f75dc3 elementor-widget elementor-widget-spacer\" data-id=\"2f75dc3\" data-element_type=\"widget\" data-widget_type=\"spacer.default\">\n\t\t\t\t<div class=\"elementor-widget-container\">\n\t\t\t\t\t\t\t<div class=\"elementor-spacer\">\n\t\t\t<div class=\"elementor-spacer-inner\"><\/div>\n\t\t<\/div>\n\t\t\t\t\t\t<\/div>\n\t\t\t\t<\/div>\n\t\t\t\t<div class=\"elementor-element elementor-element-b6395d0 elementor-widget elementor-widget-image\" data-id=\"b6395d0\" data-element_type=\"widget\" data-settings=\"{&quot;motion_fx_motion_fx_mouse&quot;:&quot;yes&quot;,&quot;motion_fx_mouseTrack_effect&quot;:&quot;yes&quot;,&quot;motion_fx_mouseTrack_speed&quot;:{&quot;unit&quot;:&quot;px&quot;,&quot;size&quot;:1,&quot;sizes&quot;:[]}}\" data-widget_type=\"image.default\">\n\t\t\t\t<div class=\"elementor-widget-container\">\n\t\t\t\t\t\t\t\t\t\t\t\t\t\t\t<img decoding=\"async\" width=\"50\" height=\"50\" src=\"https:\/\/food-zyme.com\/wp-content\/uploads\/2025\/04\/icono-blog.png\" class=\"attachment-large size-large wp-image-999\" alt=\"\" srcset=\"https:\/\/food-zyme.com\/wp-content\/uploads\/2025\/04\/icono-blog.png 50w, https:\/\/food-zyme.com\/wp-content\/uploads\/2025\/04\/icono-blog-12x12.png 12w\" sizes=\"(max-width: 50px) 100vw, 50px\" \/>\t\t\t\t\t\t\t\t\t\t\t\t\t\t\t<\/div>\n\t\t\t\t<\/div>\n\t\t\t\t<div class=\"elementor-element elementor-element-db8e14f elementor-widget elementor-widget-heading\" data-id=\"db8e14f\" data-element_type=\"widget\" data-widget_type=\"heading.default\">\n\t\t\t\t<div class=\"elementor-widget-container\">\n\t\t\t\t\t<h1 class=\"elementor-heading-title elementor-size-default\">Blog Foodzyme<\/h1>\t\t\t\t<\/div>\n\t\t\t\t<\/div>\n\t\t\t\t<div class=\"elementor-element elementor-element-3fe1dd9 elementor-widget elementor-widget-text-editor\" data-id=\"3fe1dd9\" data-element_type=\"widget\" data-widget_type=\"text-editor.default\">\n\t\t\t\t<div class=\"elementor-widget-container\">\n\t\t\t\t\t\t\t\t\t<p class=\"\" data-start=\"317\" data-end=\"654\">En el blog de <strong data-start=\"331\" data-end=\"343\">Foodzyme<\/strong> encontrar\u00e1s art\u00edculos actualizados sobre tendencias, aplicaciones y avances en tecnolog\u00eda enzim\u00e1tica aplicada a la industria alimentaria. Nuestro enfoque est\u00e1 en brindar conocimiento \u00fatil, t\u00e9cnico y estrat\u00e9gico a empresas que buscan optimizar sus procesos productivos de forma sustentable, eficiente y natural.<\/p><p class=\"\" data-start=\"656\" data-end=\"681\">Explora contenidos sobre:<\/p><ul data-start=\"682\" data-end=\"992\"><li class=\"\" data-start=\"682\" data-end=\"728\"><p class=\"\" data-start=\"684\" data-end=\"728\">\u00a0Nuevas soluciones enzim\u00e1ticas tailor-made<\/p><\/li><li class=\"\" data-start=\"729\" data-end=\"802\"><p class=\"\" data-start=\"731\" data-end=\"802\">Aplicaciones en panificaci\u00f3n, l\u00e1cteos, bebidas y prote\u00ednas vegetales<\/p><\/li><li class=\"\" data-start=\"803\" data-end=\"848\"><p class=\"\" data-start=\"805\" data-end=\"848\">Innovaci\u00f3n clean-label y sustentabilidad<\/p><\/li><li class=\"\" data-start=\"849\" data-end=\"928\"><p class=\"\" data-start=\"851\" data-end=\"928\">\u00a0Noticias sobre nuestros partners como Biocatalysts, Breatec y WeissBiotech<\/p><\/li><li class=\"\" data-start=\"929\" data-end=\"992\"><p class=\"\" data-start=\"931\" data-end=\"992\">\u00a0Casos de \u00e9xito y datos de impacto en eficiencia productiva<\/p><\/li><\/ul><p class=\"\" data-start=\"994\" data-end=\"1110\">\u00a0<\/p>\t\t\t\t\t\t\t\t<\/div>\n\t\t\t\t<\/div>\n\t\t\t\t<div class=\"elementor-element elementor-element-3a5a87b elementor-widget elementor-widget-heading\" data-id=\"3a5a87b\" data-element_type=\"widget\" data-widget_type=\"heading.default\">\n\t\t\t\t<div class=\"elementor-widget-container\">\n\t\t\t\t\t<h3 class=\"elementor-heading-title elementor-size-default\">Transforma tu producci\u00f3n con conocimiento.\nAqu\u00ed compartimos la ciencia que impulsa el futuro de los alimentos.<\/h3>\t\t\t\t<\/div>\n\t\t\t\t<\/div>\n\t\t\t\t<div class=\"elementor-element elementor-element-df52428 elementor-widget elementor-widget-elementskit-blog-posts\" data-id=\"df52428\" data-element_type=\"widget\" data-widget_type=\"elementskit-blog-posts.default\">\n\t\t\t\t<div class=\"elementor-widget-container\">\n\t\t\t\t\t<div class=\"ekit-wid-con\" >        <div id=\"post-items--df52428\" class=\"row post-items\">\n                    <div class=\"col-lg-4 col-md-6\">\n\n                                    <div class=\"elementskit-post-card\">\n                        <div class=\"elementskit-entry-header\">\n                            \n                            \n\t\t\t\t\t\t\t\n\t\t\t\t\t\t\t\t\t\t\t\t\t\t\t\t\t\t\t\t\t\t\t\t\t\t\t\t\t\t\n\t\t\t\t\t\t\t\t\n\t\t\t\t\t\t\t\t\t\t\t\t\t\t\t\t\t\t\t\t\t<h2 class=\"entry-title\">\n\t\t\t\t\t<a href=\"https:\/\/food-zyme.com\/en\/casos-reales-aplicaciones-enzimaticas-exitosas-en-panificacion-lacteos-y-bebidas\/\">\n\t\t\t\t\t\tCasos reales: aplicaciones enzim\u00e1ticas exitosas en panificaci\u00f3n, l\u00e1cteos y bebidas\t\t\t\t\t<\/a>\n\t\t\t\t<\/h2>\n\t\t\t\n\t\t\t\t\t\t\t\t\t\t\t\t\t\t\t\t\t\t\t<span class=\"elementskit-border-hr\"><\/span>\n\t\t\t\t\t\t\t\t\t\t\t\t\t\t\t\t\t\t\t\t\t\t\t\t\t\t\t\t\t\t<\/div><!-- .elementskit-entry-header END -->\n\n\t\t\t\t\t\t<div class=\"elementskit-post-body\">\n\t\t\t\t\t\t\t\t\t\t\t\t\t\t\t\t\t\t\t\t\t\t\t\t\t\t\t\t\t\t\t<p>Casos reales: aplicaciones enzim\u00e1ticas exitosas en panificaci\u00f3n, l\u00e1cteos y bebidas En la pr\u00e1ctica, las enzimas demuestran su valor con resultados concretos. A continuaci\u00f3n, algunos ejemplos reales de c\u00f3mo las soluciones enzim\u00e1ticas han optimizado procesos clave en diferentes industrias: Panificaci\u00f3n IndustrialProblema: Pan con baja tolerancia y p\u00e9rdida de volumen en horneo.Soluci\u00f3n:&hellip;<\/p>\n\t\t\t\t\t\t\t\t\t\t\t\t\t\t\t\t\t\t\t\t\t\t                                                            <div class=\"btn-wraper\">\n                                    \n                                                                            <a class=\"elementskit-btn whitespace--normal\" id=\"\" href=\"https:\/\/food-zyme.com\/en\/casos-reales-aplicaciones-enzimaticas-exitosas-en-panificacion-lacteos-y-bebidas\/\">\n                                        \t                                            Saber m\u00e1s                                         <\/a>\n                                                                    <\/div>\n                                                    <\/div><!-- .elementskit-post-body END -->\n                    <\/div>\n                \n            <\/div>\n                    <div class=\"col-lg-4 col-md-6\">\n\n                                    <div class=\"elementskit-post-card\">\n                        <div class=\"elementskit-entry-header\">\n                            \n                            \n\t\t\t\t\t\t\t\n\t\t\t\t\t\t\t\t\t\t\t\t\t\t\t\t\t\t\t\t\t\t\t\t\t\t\t\t\t\t\n\t\t\t\t\t\t\t\t\n\t\t\t\t\t\t\t\t\t\t\t\t\t\t\t\t\t\t\t\t\t<h2 class=\"entry-title\">\n\t\t\t\t\t<a href=\"https:\/\/food-zyme.com\/en\/clean-label-y-eficiencia-el-rol-de-las-enzimas-en-productos-mas-naturales\/\">\n\t\t\t\t\t\tClean Label y eficiencia: el rol de las enzimas en productos m\u00e1s naturales\t\t\t\t\t<\/a>\n\t\t\t\t<\/h2>\n\t\t\t\n\t\t\t\t\t\t\t\t\t\t\t\t\t\t\t\t\t\t\t<span class=\"elementskit-border-hr\"><\/span>\n\t\t\t\t\t\t\t\t\t\t\t\t\t\t\t\t\t\t\t\t\t\t\t\t\t\t\t\t\t\t<\/div><!-- .elementskit-entry-header END -->\n\n\t\t\t\t\t\t<div class=\"elementskit-post-body\">\n\t\t\t\t\t\t\t\t\t\t\t\t\t\t\t\t\t\t\t\t\t\t\t\t\t\t\t\t\t\t\t<p>Clean Label y eficiencia: el rol de las enzimas en productos m\u00e1s naturales El consumidor actual exige productos m\u00e1s naturales, con menos aditivos y mayor transparencia. Esto impulsa el crecimiento del movimiento Clean Label, donde las empresas buscan eliminar ingredientes sint\u00e9ticos sin sacrificar funcionalidad ni calidad. Aqu\u00ed es donde entran&hellip;<\/p>\n\t\t\t\t\t\t\t\t\t\t\t\t\t\t\t\t\t\t\t\t\t\t                                                            <div class=\"btn-wraper\">\n                                    \n                                                                            <a class=\"elementskit-btn whitespace--normal\" id=\"\" href=\"https:\/\/food-zyme.com\/en\/clean-label-y-eficiencia-el-rol-de-las-enzimas-en-productos-mas-naturales\/\">\n                                        \t                                            Saber m\u00e1s                                         <\/a>\n                                                                    <\/div>\n                                                    <\/div><!-- .elementskit-post-body END -->\n                    <\/div>\n                \n            <\/div>\n                    <div class=\"col-lg-4 col-md-6\">\n\n                                    <div class=\"elementskit-post-card\">\n                        <div class=\"elementskit-entry-header\">\n                            \n                            \n\t\t\t\t\t\t\t\n\t\t\t\t\t\t\t\t\t\t\t\t\t\t\t\t\t\t\t\t\t\t\t\t\t\t\t\t\t\t\n\t\t\t\t\t\t\t\t\n\t\t\t\t\t\t\t\t\t\t\t\t\t\t\t\t\t\t\t\t\t<h2 class=\"entry-title\">\n\t\t\t\t\t<a href=\"https:\/\/food-zyme.com\/en\/por-que-las-soluciones-enzimaticas-tailor-made-estan-revolucionando-la-industria-alimentaria\/\">\n\t\t\t\t\t\t\u00bfPor qu\u00e9 las soluciones enzim\u00e1ticas tailor-made est\u00e1n revolucionando la industria alimentaria?\t\t\t\t\t<\/a>\n\t\t\t\t<\/h2>\n\t\t\t\n\t\t\t\t\t\t\t\t\t\t\t\t\t\t\t\t\t\t\t<span class=\"elementskit-border-hr\"><\/span>\n\t\t\t\t\t\t\t\t\t\t\t\t\t\t\t\t\t\t\t\t\t\t\t\t\t\t\t\t\t\t<\/div><!-- .elementskit-entry-header END -->\n\n\t\t\t\t\t\t<div class=\"elementskit-post-body\">\n\t\t\t\t\t\t\t\t\t\t\t\t\t\t\t\t\t\t\t\t\t\t\t\t\t\t\t\t\t\t\t<p>\u00bfPor qu\u00e9 las soluciones enzim\u00e1ticas tailor-made est\u00e1n revolucionando la industria alimentaria? En un mercado cada vez m\u00e1s exigente, las empresas alimentarias buscan mejorar rendimiento, reducir costos y cumplir con nuevas normativas sin comprometer la calidad. Aqu\u00ed es donde las soluciones enzim\u00e1ticas personalizadas \u2014tailor-made\u2014 marcan la diferencia. A diferencia de los&hellip;<\/p>\n\t\t\t\t\t\t\t\t\t\t\t\t\t\t\t\t\t\t\t\t\t\t                                                            <div class=\"btn-wraper\">\n                                    \n                                                                            <a class=\"elementskit-btn whitespace--normal\" id=\"\" href=\"https:\/\/food-zyme.com\/en\/por-que-las-soluciones-enzimaticas-tailor-made-estan-revolucionando-la-industria-alimentaria\/\">\n                                        \t                                            Saber m\u00e1s                                         <\/a>\n                                                                    <\/div>\n                                                    <\/div><!-- .elementskit-post-body END -->\n                    <\/div>\n                \n            <\/div>\n                <\/div>\n       <\/div>\t\t\t\t<\/div>\n\t\t\t\t<\/div>\n\t\t\t\t\t<\/div>\n\t\t\t\t<\/div>\n\t\t\t\t<\/div>","protected":false},"excerpt":{"rendered":"<p>Blog Foodzyme En el blog de Foodzyme encontrar\u00e1s art\u00edculos actualizados sobre tendencias, aplicaciones y avances en tecnolog\u00eda enzim\u00e1tica aplicada a la industria alimentaria. Nuestro enfoque est\u00e1 en brindar conocimiento \u00fatil, t\u00e9cnico y estrat\u00e9gico a empresas que buscan optimizar sus procesos productivos de forma sustentable, eficiente y natural. Explora contenidos sobre: \u00a0Nuevas soluciones enzim\u00e1ticas tailor-made Aplicaciones [&hellip;]<\/p>","protected":false},"author":1,"featured_media":0,"parent":0,"menu_order":0,"comment_status":"closed","ping_status":"closed","template":"elementor_header_footer","meta":{"footnotes":""},"class_list":["post-925","page","type-page","status-publish","hentry"],"yoast_head":"<!-- This site is optimized with the Yoast SEO plugin v25.5 - https:\/\/yoast.com\/wordpress\/plugins\/seo\/ -->\n<title>Tendencia - FoodZyme<\/title>\n<meta name=\"robots\" content=\"index, follow, max-snippet:-1, max-image-preview:large, max-video-preview:-1\" \/>\n<link rel=\"canonical\" href=\"https:\/\/food-zyme.com\/en\/tendencia\/\" \/>\n<meta property=\"og:locale\" content=\"en_US\" \/>\n<meta property=\"og:type\" content=\"article\" \/>\n<meta property=\"og:title\" content=\"Tendencia - FoodZyme\" \/>\n<meta property=\"og:description\" content=\"Blog Foodzyme En el blog de Foodzyme encontrar\u00e1s art\u00edculos actualizados sobre tendencias, aplicaciones y avances en tecnolog\u00eda enzim\u00e1tica aplicada a la industria alimentaria. Nuestro enfoque est\u00e1 en brindar conocimiento \u00fatil, t\u00e9cnico y estrat\u00e9gico a empresas que buscan optimizar sus procesos productivos de forma sustentable, eficiente y natural. Explora contenidos sobre: \u00a0Nuevas soluciones enzim\u00e1ticas tailor-made Aplicaciones [&hellip;]\" \/>\n<meta property=\"og:url\" content=\"https:\/\/food-zyme.com\/en\/tendencia\/\" \/>\n<meta property=\"og:site_name\" content=\"FoodZyme\" \/>\n<meta property=\"article:modified_time\" content=\"2025-04-15T13:50:21+00:00\" \/>\n<meta property=\"og:image\" content=\"https:\/\/food-zyme.com\/wp-content\/uploads\/2025\/04\/icono-blog.png\" \/>\n<meta name=\"twitter:card\" content=\"summary_large_image\" \/>\n<meta name=\"twitter:label1\" content=\"Est. reading time\" \/>\n\t<meta name=\"twitter:data1\" content=\"2 minutes\" \/>\n<script type=\"application\/ld+json\" class=\"yoast-schema-graph\">{\"@context\":\"https:\/\/schema.org\",\"@graph\":[{\"@type\":\"WebPage\",\"@id\":\"https:\/\/food-zyme.com\/tendencia\/\",\"url\":\"https:\/\/food-zyme.com\/tendencia\/\",\"name\":\"Tendencia - FoodZyme\",\"isPartOf\":{\"@id\":\"https:\/\/food-zyme.com\/#website\"},\"primaryImageOfPage\":{\"@id\":\"https:\/\/food-zyme.com\/tendencia\/#primaryimage\"},\"image\":{\"@id\":\"https:\/\/food-zyme.com\/tendencia\/#primaryimage\"},\"thumbnailUrl\":\"https:\/\/food-zyme.com\/wp-content\/uploads\/2025\/04\/icono-blog.png\",\"datePublished\":\"2025-04-07T16:19:38+00:00\",\"dateModified\":\"2025-04-15T13:50:21+00:00\",\"breadcrumb\":{\"@id\":\"https:\/\/food-zyme.com\/tendencia\/#breadcrumb\"},\"inLanguage\":\"en-US\",\"potentialAction\":[{\"@type\":\"ReadAction\",\"target\":[\"https:\/\/food-zyme.com\/tendencia\/\"]}]},{\"@type\":\"ImageObject\",\"inLanguage\":\"en-US\",\"@id\":\"https:\/\/food-zyme.com\/tendencia\/#primaryimage\",\"url\":\"https:\/\/food-zyme.com\/wp-content\/uploads\/2025\/04\/icono-blog.png\",\"contentUrl\":\"https:\/\/food-zyme.com\/wp-content\/uploads\/2025\/04\/icono-blog.png\"},{\"@type\":\"BreadcrumbList\",\"@id\":\"https:\/\/food-zyme.com\/tendencia\/#breadcrumb\",\"itemListElement\":[{\"@type\":\"ListItem\",\"position\":1,\"name\":\"Portada\",\"item\":\"https:\/\/food-zyme.com\/\"},{\"@type\":\"ListItem\",\"position\":2,\"name\":\"Tendencia\"}]},{\"@type\":\"WebSite\",\"@id\":\"https:\/\/food-zyme.com\/#website\",\"url\":\"https:\/\/food-zyme.com\/\",\"name\":\"FoodZyme\",\"description\":\"\",\"publisher\":{\"@id\":\"https:\/\/food-zyme.com\/#organization\"},\"potentialAction\":[{\"@type\":\"SearchAction\",\"target\":{\"@type\":\"EntryPoint\",\"urlTemplate\":\"https:\/\/food-zyme.com\/?s={search_term_string}\"},\"query-input\":{\"@type\":\"PropertyValueSpecification\",\"valueRequired\":true,\"valueName\":\"search_term_string\"}}],\"inLanguage\":\"en-US\"},{\"@type\":\"Organization\",\"@id\":\"https:\/\/food-zyme.com\/#organization\",\"name\":\"FoodZyme\",\"url\":\"https:\/\/food-zyme.com\/\",\"logo\":{\"@type\":\"ImageObject\",\"inLanguage\":\"en-US\",\"@id\":\"https:\/\/food-zyme.com\/#\/schema\/logo\/image\/\",\"url\":\"https:\/\/food-zyme.com\/wp-content\/uploads\/2025\/04\/FOODZYME-LOGOR.png\",\"contentUrl\":\"https:\/\/food-zyme.com\/wp-content\/uploads\/2025\/04\/FOODZYME-LOGOR.png\",\"width\":350,\"height\":100,\"caption\":\"FoodZyme\"},\"image\":{\"@id\":\"https:\/\/food-zyme.com\/#\/schema\/logo\/image\/\"}}]}<\/script>\n<!-- \/ Yoast SEO plugin. -->","yoast_head_json":{"title":"Tendencia - FoodZyme","robots":{"index":"index","follow":"follow","max-snippet":"max-snippet:-1","max-image-preview":"max-image-preview:large","max-video-preview":"max-video-preview:-1"},"canonical":"https:\/\/food-zyme.com\/en\/tendencia\/","og_locale":"en_US","og_type":"article","og_title":"Tendencia - FoodZyme","og_description":"Blog Foodzyme En el blog de Foodzyme encontrar\u00e1s art\u00edculos actualizados sobre tendencias, aplicaciones y avances en tecnolog\u00eda enzim\u00e1tica aplicada a la industria alimentaria. Nuestro enfoque est\u00e1 en brindar conocimiento \u00fatil, t\u00e9cnico y estrat\u00e9gico a empresas que buscan optimizar sus procesos productivos de forma sustentable, eficiente y natural. Explora contenidos sobre: \u00a0Nuevas soluciones enzim\u00e1ticas tailor-made Aplicaciones [&hellip;]","og_url":"https:\/\/food-zyme.com\/en\/tendencia\/","og_site_name":"FoodZyme","article_modified_time":"2025-04-15T13:50:21+00:00","og_image":[{"url":"https:\/\/food-zyme.com\/wp-content\/uploads\/2025\/04\/icono-blog.png","type":"","width":"","height":""}],"twitter_card":"summary_large_image","twitter_misc":{"Est. reading time":"2 minutes"},"schema":{"@context":"https:\/\/schema.org","@graph":[{"@type":"WebPage","@id":"https:\/\/food-zyme.com\/tendencia\/","url":"https:\/\/food-zyme.com\/tendencia\/","name":"Tendencia - FoodZyme","isPartOf":{"@id":"https:\/\/food-zyme.com\/#website"},"primaryImageOfPage":{"@id":"https:\/\/food-zyme.com\/tendencia\/#primaryimage"},"image":{"@id":"https:\/\/food-zyme.com\/tendencia\/#primaryimage"},"thumbnailUrl":"https:\/\/food-zyme.com\/wp-content\/uploads\/2025\/04\/icono-blog.png","datePublished":"2025-04-07T16:19:38+00:00","dateModified":"2025-04-15T13:50:21+00:00","breadcrumb":{"@id":"https:\/\/food-zyme.com\/tendencia\/#breadcrumb"},"inLanguage":"en-US","potentialAction":[{"@type":"ReadAction","target":["https:\/\/food-zyme.com\/tendencia\/"]}]},{"@type":"ImageObject","inLanguage":"en-US","@id":"https:\/\/food-zyme.com\/tendencia\/#primaryimage","url":"https:\/\/food-zyme.com\/wp-content\/uploads\/2025\/04\/icono-blog.png","contentUrl":"https:\/\/food-zyme.com\/wp-content\/uploads\/2025\/04\/icono-blog.png"},{"@type":"BreadcrumbList","@id":"https:\/\/food-zyme.com\/tendencia\/#breadcrumb","itemListElement":[{"@type":"ListItem","position":1,"name":"Portada","item":"https:\/\/food-zyme.com\/"},{"@type":"ListItem","position":2,"name":"Tendencia"}]},{"@type":"WebSite","@id":"https:\/\/food-zyme.com\/#website","url":"https:\/\/food-zyme.com\/","name":"FoodZyme","description":"","publisher":{"@id":"https:\/\/food-zyme.com\/#organization"},"potentialAction":[{"@type":"SearchAction","target":{"@type":"EntryPoint","urlTemplate":"https:\/\/food-zyme.com\/?s={search_term_string}"},"query-input":{"@type":"PropertyValueSpecification","valueRequired":true,"valueName":"search_term_string"}}],"inLanguage":"en-US"},{"@type":"Organization","@id":"https:\/\/food-zyme.com\/#organization","name":"FoodZyme","url":"https:\/\/food-zyme.com\/","logo":{"@type":"ImageObject","inLanguage":"en-US","@id":"https:\/\/food-zyme.com\/#\/schema\/logo\/image\/","url":"https:\/\/food-zyme.com\/wp-content\/uploads\/2025\/04\/FOODZYME-LOGOR.png","contentUrl":"https:\/\/food-zyme.com\/wp-content\/uploads\/2025\/04\/FOODZYME-LOGOR.png","width":350,"height":100,"caption":"FoodZyme"},"image":{"@id":"https:\/\/food-zyme.com\/#\/schema\/logo\/image\/"}}]}},"_links":{"self":[{"href":"https:\/\/food-zyme.com\/en\/wp-json\/wp\/v2\/pages\/925","targetHints":{"allow":["GET"]}}],"collection":[{"href":"https:\/\/food-zyme.com\/en\/wp-json\/wp\/v2\/pages"}],"about":[{"href":"https:\/\/food-zyme.com\/en\/wp-json\/wp\/v2\/types\/page"}],"author":[{"embeddable":true,"href":"https:\/\/food-zyme.com\/en\/wp-json\/wp\/v2\/users\/1"}],"replies":[{"embeddable":true,"href":"https:\/\/food-zyme.com\/en\/wp-json\/wp\/v2\/comments?post=925"}],"version-history":[{"count":0,"href":"https:\/\/food-zyme.com\/en\/wp-json\/wp\/v2\/pages\/925\/revisions"}],"wp:attachment":[{"href":"https:\/\/food-zyme.com\/en\/wp-json\/wp\/v2\/media?parent=925"}],"curies":[{"name":"wp","href":"https:\/\/api.w.org\/{rel}","templated":true}]}}